{"id":384,"date":"2025-02-13T21:18:01","date_gmt":"2025-02-14T04:18:01","guid":{"rendered":"https:\/\/hdnsolutionsllc.com\/?page_id=384"},"modified":"2025-02-13T21:24:26","modified_gmt":"2025-02-14T04:24:26","slug":"terminos-y-condiciones","status":"publish","type":"page","link":"https:\/\/hdnsolutionsllc.com\/en\/terminos-y-condiciones\/","title":{"rendered":"Terms and Conditions"},"content":{"rendered":"<div data-elementor-type=\"wp-page\" data-elementor-id=\"384\" class=\"elementor elementor-384\">\n\t\t\t\t<div class=\"elementor-element elementor-element-7ef85ff e-flex e-con-boxed e-con e-parent\" data-id=\"7ef85ff\" data-element_type=\"container\">\n\t\t\t\t\t<div class=\"e-con-inner\">\n\t\t<div class=\"elementor-element elementor-element-4fc8cf4 e-con-full e-flex e-con e-child\" data-id=\"4fc8cf4\" data-element_type=\"container\">\n\t\t\t\t<\/div>\n\t\t\t\t\t<\/div>\n\t\t\t\t<\/div>\n\t\t<div class=\"elementor-element elementor-element-70f1e18 e-flex e-con-boxed e-con e-parent\" data-id=\"70f1e18\" data-element_type=\"container\">\n\t\t\t\t\t<div class=\"e-con-inner\">\n\t\t\t\t<div class=\"elementor-element elementor-element-548f115 elementor-widget elementor-widget-text-editor\" data-id=\"548f115\" data-element_type=\"widget\" data-widget_type=\"text-editor.default\">\n\t\t\t\t<div class=\"elementor-widget-container\">\n\t\t\t\t\t\t\t\t\t<p>Este contrato describe los t\u00e9rminos y condiciones generales (en adelante\u00a0<b>\u201cTERMINOS Y CONDICIONES\u201d<\/b>) aplicables al uso de los contenidos, productos y servicios ofrecidos a trav\u00e9s del sitio web\u00a0<b>www.hdnsolutionsllc.com<\/b>\u00a0(en adelante \u201cSITIO WEB\u201d), del cual es titular\u00a0<b>HDN SOLUTIONS LLC.<\/b>\u00a0(en adelante\u00a0<b>\u201cHDN SOLUTIONS\u201d<\/b>).<\/p><p>Lea atentamente los siguientes T\u00e9rminos y condiciones (los \u201cT\u00e9rminos y Condiciones\u201d) antes de iniciar el uso de esta p\u00e1gina. Al utilizar o acceder a este Sitio (ya sea en todo o en parte) usted acepta los T\u00e9rminos y Condiciones y acepta sujetarse a los mismos en su totalidad. Por lo tanto, si usted no est\u00e1 de acuerdo con los T\u00e9rminos y Condiciones de este Sitio por favor cese inmediatamente el uso y consulta de este Sitio. La utilizaci\u00f3n y acceso de este Sitio est\u00e1 sujeta a lo previsto en estos T\u00e9rminos y Condiciones y tambi\u00e9n a la Pol\u00edtica de Privacidad que se considera parte integrante de estos T\u00e9rminos y Condiciones. La utilizaci\u00f3n de este Sitio constituye la aceptaci\u00f3n de cualquier modificaci\u00f3n a los T\u00e9rminos y Condiciones o bien a la Pol\u00edtica de Privacidad.<\/p><p><b>HDN SOLUTIONS LLC.\u00a0<\/b>Se reserva el derecho de cambiar o modificar los t\u00e9rminos y condiciones contenidos en los presentes t\u00e9rminos y condiciones o de cualquier pol\u00edtica o directriz de los servicios en cualquier momento y a su sola discreci\u00f3n. Se proporcionar\u00e1 un aviso mediante la publicaci\u00f3n de los t\u00e9rminos revisados a los servicios y el cambio de la fecha de \u201c\u00faltima revisi\u00f3n\u201d en la parte superior de los \u201cT\u00e9rminos y Condiciones\u201d o por otros medios de notificaci\u00f3n que la empresa determinar\u00e1 en su momento, a su entera discreci\u00f3n. Usando una forma particular de notificaci\u00f3n en algunos casos, no nos obliga a usar la misma forma en otros casos. Cualquier cambio o modificaci\u00f3n ser\u00e1 efectiva inmediatamente despu\u00e9s de la publicaci\u00f3n de las revisiones de los servicios, y usted renuncia a cualquier derecho que pueda tener para recibir un aviso espec\u00edfico de tales cambios o modificaciones. El uso de estos servicios confirmar\u00e1 su aceptaci\u00f3n de tales cambios o modificaciones, por lo que debe revisar con frecuencia los t\u00e9rminos y pol\u00edticas aplicables para entender las condiciones que se aplican a su uso de los servicios. La versi\u00f3n m\u00e1s actualizada de los \u201cT\u00e9rminos y Condiciones\u201d pueden consultarse en el apartado \u201cT\u00e9rminos de Servicio\u201d, incluido en el pie de p\u00e1gina del sitio web. Si no acepta las condiciones modificadas, deber\u00e1 dejar de utilizar los servicios.<\/p>\t\t\t\t\t\t\t\t<\/div>\n\t\t\t\t<\/div>\n\t\t\t\t\t<\/div>\n\t\t\t\t<\/div>\n\t\t\t\t<\/div>","protected":false},"excerpt":{"rendered":"<p>Este contrato describe los t\u00e9rminos y condiciones generales (en adelante\u00a0\u201cTERMINOS Y CONDICIONES\u201d) aplicables al uso de los contenidos, productos y servicios ofrecidos a trav\u00e9s del sitio<span class=\"excerpt-hellip\"> [\u2026]<\/span><\/p>","protected":false},"author":1,"featured_media":0,"parent":0,"menu_order":0,"comment_status":"closed","ping_status":"closed","template":"","meta":{"footnotes":""},"class_list":["post-384","page","type-page","status-publish","hentry"],"_links":{"self":[{"href":"https:\/\/hdnsolutionsllc.com\/en\/wp-json\/wp\/v2\/pages\/384","targetHints":{"allow":["GET"]}}],"collection":[{"href":"https:\/\/hdnsolutionsllc.com\/en\/wp-json\/wp\/v2\/pages"}],"about":[{"href":"https:\/\/hdnsolutionsllc.com\/en\/wp-json\/wp\/v2\/types\/page"}],"author":[{"embeddable":true,"href":"https:\/\/hdnsolutionsllc.com\/en\/wp-json\/wp\/v2\/users\/1"}],"replies":[{"embeddable":true,"href":"https:\/\/hdnsolutionsllc.com\/en\/wp-json\/wp\/v2\/comments?post=384"}],"version-history":[{"count":0,"href":"https:\/\/hdnsolutionsllc.com\/en\/wp-json\/wp\/v2\/pages\/384\/revisions"}],"wp:attachment":[{"href":"https:\/\/hdnsolutionsllc.com\/en\/wp-json\/wp\/v2\/media?parent=384"}],"curies":[{"name":"wp","href":"https:\/\/api.w.org\/{rel}","templated":true}]}}